{"id":7353,"date":"2023-06-29T18:38:08","date_gmt":"2023-06-29T16:38:08","guid":{"rendered":"https:\/\/www.galeriawprzyziemiu.pl\/galeria\/?post_type=product&#038;p=7353"},"modified":"2023-07-03T16:17:58","modified_gmt":"2023-07-03T14:17:58","slug":"elzbieta-kuzniar-genesis-3","status":"publish","type":"product","link":"https:\/\/www.galeriawprzyziemiu.pl\/galeria\/en\/artwork\/elzbieta-kuzniar-genesis-3\/","title":{"rendered":"El\u017cbieta Ku\u017aniar 'Genesis&#8217;"},"content":{"rendered":"","protected":false},"excerpt":{"rendered":"<h1><strong>El\u017cbieta Ku\u017aniar<br \/>\n<\/strong><\/h1>\n<hr>\n<h2>title:&nbsp;<strong><em>Genesis<br \/>\n<\/em><\/strong><\/h2>\n<h5>technique:&nbsp;<strong>oil on canvas<\/strong><br \/>\nsize:&nbsp;<strong>80 x 100 cm<br \/>\n<\/strong>year:&nbsp;<strong>2015<\/strong><\/h5>\n","protected":false},"featured_media":7291,"template":"","meta":{"ngg_post_thumbnail":0},"product_brand":[],"product_cat":[443],"product_tag":[],"class_list":{"0":"post-7353","1":"product","2":"type-product","3":"status-publish","4":"has-post-thumbnail","6":"product_cat-elzbieta-kuzniar-en","8":"first","9":"instock","10":"taxable","11":"shipping-taxable","12":"purchasable","13":"product-type-simple"},"_links":{"self":[{"href":"https:\/\/www.galeriawprzyziemiu.pl\/galeria\/wp-json\/wp\/v2\/product\/7353","targetHints":{"allow":["GET"]}}],"collection":[{"href":"https:\/\/www.galeriawprzyziemiu.pl\/galeria\/wp-json\/wp\/v2\/product"}],"about":[{"href":"https:\/\/www.galeriawprzyziemiu.pl\/galeria\/wp-json\/wp\/v2\/types\/product"}],"wp:featuredmedia":[{"embeddable":true,"href":"https:\/\/www.galeriawprzyziemiu.pl\/galeria\/wp-json\/wp\/v2\/media\/7291"}],"wp:attachment":[{"href":"https:\/\/www.galeriawprzyziemiu.pl\/galeria\/wp-json\/wp\/v2\/media?parent=7353"}],"wp:term":[{"taxonomy":"product_brand","embeddable":true,"href":"https:\/\/www.galeriawprzyziemiu.pl\/galeria\/wp-json\/wp\/v2\/product_brand?post=7353"},{"taxonomy":"product_cat","embeddable":true,"href":"https:\/\/www.galeriawprzyziemiu.pl\/galeria\/wp-json\/wp\/v2\/product_cat?post=7353"},{"taxonomy":"product_tag","embeddable":true,"href":"https:\/\/www.galeriawprzyziemiu.pl\/galeria\/wp-json\/wp\/v2\/product_tag?post=7353"}],"curies":[{"name":"wp","href":"https:\/\/api.w.org\/{rel}","templated":true}]}}