{"id":7086,"date":"2023-04-28T17:00:40","date_gmt":"2023-04-28T15:00:40","guid":{"rendered":"https:\/\/www.galeriawprzyziemiu.pl\/galeria\/?post_type=product&#038;p=7086"},"modified":"2023-09-15T16:22:37","modified_gmt":"2023-09-15T14:22:37","slug":"kozlow-lesby-bijace-sie-pod-klubem","status":"publish","type":"product","link":"https:\/\/www.galeriawprzyziemiu.pl\/galeria\/artwork\/kozlow-lesby-bijace-sie-pod-klubem\/","title":{"rendered":"Kozlow 'Lesby bij\u0105ce si\u0119 pod klubem&#8217;"},"content":{"rendered":"","protected":false},"excerpt":{"rendered":"<h2><strong>Kozlow<br \/>\nMartyna Kaletowska<br \/>\n<\/strong><\/h2>\n<hr>\n<h2>tytu\u0142: <strong><em>Lesby bij\u0105ce si\u0119 pod klubem<\/em><\/strong><\/h2>\n<h5>technika:&nbsp;<strong>akryl na p\u0142\u00f3tnie<\/strong><br \/>\nwymiary: <strong>100 x 140 cm, dyptyk<br \/>\n<\/strong>rok:&nbsp;<strong>2023<\/strong><\/h5>\n","protected":false},"featured_media":7078,"template":"","meta":{"ngg_post_thumbnail":0},"product_brand":[],"product_cat":[427],"product_tag":[],"class_list":{"0":"post-7086","1":"product","2":"type-product","3":"status-publish","4":"has-post-thumbnail","6":"product_cat-kozlow","8":"first","9":"instock","10":"taxable","11":"shipping-taxable","12":"purchasable","13":"product-type-simple"},"_links":{"self":[{"href":"https:\/\/www.galeriawprzyziemiu.pl\/galeria\/wp-json\/wp\/v2\/product\/7086","targetHints":{"allow":["GET"]}}],"collection":[{"href":"https:\/\/www.galeriawprzyziemiu.pl\/galeria\/wp-json\/wp\/v2\/product"}],"about":[{"href":"https:\/\/www.galeriawprzyziemiu.pl\/galeria\/wp-json\/wp\/v2\/types\/product"}],"wp:featuredmedia":[{"embeddable":true,"href":"https:\/\/www.galeriawprzyziemiu.pl\/galeria\/wp-json\/wp\/v2\/media\/7078"}],"wp:attachment":[{"href":"https:\/\/www.galeriawprzyziemiu.pl\/galeria\/wp-json\/wp\/v2\/media?parent=7086"}],"wp:term":[{"taxonomy":"product_brand","embeddable":true,"href":"https:\/\/www.galeriawprzyziemiu.pl\/galeria\/wp-json\/wp\/v2\/product_brand?post=7086"},{"taxonomy":"product_cat","embeddable":true,"href":"https:\/\/www.galeriawprzyziemiu.pl\/galeria\/wp-json\/wp\/v2\/product_cat?post=7086"},{"taxonomy":"product_tag","embeddable":true,"href":"https:\/\/www.galeriawprzyziemiu.pl\/galeria\/wp-json\/wp\/v2\/product_tag?post=7086"}],"curies":[{"name":"wp","href":"https:\/\/api.w.org\/{rel}","templated":true}]}}