{"id":7082,"date":"2023-04-28T16:53:52","date_gmt":"2023-04-28T14:53:52","guid":{"rendered":"https:\/\/www.galeriawprzyziemiu.pl\/galeria\/?post_type=product&#038;p=7082"},"modified":"2023-04-28T16:59:43","modified_gmt":"2023-04-28T14:59:43","slug":"kozlow-nie-lubia-cie-bo-sa-zazdrosne-ty-jestes-zdolna-i-madra-one-glupie-beztalencia","status":"publish","type":"product","link":"https:\/\/www.galeriawprzyziemiu.pl\/galeria\/artwork\/kozlow-nie-lubia-cie-bo-sa-zazdrosne-ty-jestes-zdolna-i-madra-one-glupie-beztalencia\/","title":{"rendered":"Kozlow 'Nie lubi\u0105 ci\u0119, bo s\u0105 zazdrosne. Ty jeste\u015b zdolna i m\u0105dra, one g\u0142upie beztalencia&#8217;"},"content":{"rendered":"","protected":false},"excerpt":{"rendered":"<h2><strong>Kozlow<br \/>\nMartyna Kaletowska<br \/>\n<\/strong><\/h2>\n<hr>\n<h2>tytu\u0142: <strong><em>Nie lubi\u0105 ci\u0119, bo s\u0105 zazdrosne. Ty jeste\u015b zdolna i m\u0105dra, one g\u0142upie beztalencia<\/em><\/strong><\/h2>\n<h5>technika:&nbsp;<strong>akryl na p\u0142\u00f3tnie<\/strong><br \/>\nwymiary: <strong>100 x 70 cm<br \/>\n<\/strong>rok:&nbsp;<strong>2023<\/strong><\/h5>\n","protected":false},"featured_media":7083,"template":"","meta":{"ngg_post_thumbnail":0},"product_brand":[],"product_cat":[427],"product_tag":[],"class_list":{"0":"post-7082","1":"product","2":"type-product","3":"status-publish","4":"has-post-thumbnail","6":"product_cat-kozlow","8":"first","9":"instock","10":"taxable","11":"shipping-taxable","12":"purchasable","13":"product-type-simple"},"_links":{"self":[{"href":"https:\/\/www.galeriawprzyziemiu.pl\/galeria\/wp-json\/wp\/v2\/product\/7082","targetHints":{"allow":["GET"]}}],"collection":[{"href":"https:\/\/www.galeriawprzyziemiu.pl\/galeria\/wp-json\/wp\/v2\/product"}],"about":[{"href":"https:\/\/www.galeriawprzyziemiu.pl\/galeria\/wp-json\/wp\/v2\/types\/product"}],"wp:featuredmedia":[{"embeddable":true,"href":"https:\/\/www.galeriawprzyziemiu.pl\/galeria\/wp-json\/wp\/v2\/media\/7083"}],"wp:attachment":[{"href":"https:\/\/www.galeriawprzyziemiu.pl\/galeria\/wp-json\/wp\/v2\/media?parent=7082"}],"wp:term":[{"taxonomy":"product_brand","embeddable":true,"href":"https:\/\/www.galeriawprzyziemiu.pl\/galeria\/wp-json\/wp\/v2\/product_brand?post=7082"},{"taxonomy":"product_cat","embeddable":true,"href":"https:\/\/www.galeriawprzyziemiu.pl\/galeria\/wp-json\/wp\/v2\/product_cat?post=7082"},{"taxonomy":"product_tag","embeddable":true,"href":"https:\/\/www.galeriawprzyziemiu.pl\/galeria\/wp-json\/wp\/v2\/product_tag?post=7082"}],"curies":[{"name":"wp","href":"https:\/\/api.w.org\/{rel}","templated":true}]}}