{"id":6409,"date":"2023-02-02T13:54:45","date_gmt":"2023-02-02T12:54:45","guid":{"rendered":"https:\/\/www.galeriawprzyziemiu.pl\/galeria\/?post_type=product&#038;p=6409"},"modified":"2023-02-02T13:58:01","modified_gmt":"2023-02-02T12:58:01","slug":"tomasz-westrych-posset-decipi","status":"publish","type":"product","link":"https:\/\/www.galeriawprzyziemiu.pl\/galeria\/artwork\/tomasz-westrych-posset-decipi\/","title":{"rendered":"Tomasz Westrych 'Posset Decipi&#8217;"},"content":{"rendered":"","protected":false},"excerpt":{"rendered":"<h1><strong>Tomasz Westrych<\/strong><\/h1>\n<hr>\n<h2>tytu\u0142: <strong><em>Posset Decipi | Czujno\u015b\u0107<br \/>\n<\/em><\/strong><\/h2>\n<h5>technika:&nbsp;<strong>masa papierowa z odzysku barwiona w masie, drewno<\/strong><br \/>\nwymiary: <strong>206 x 90 x 83 cm<br \/>\n<\/strong>rok:&nbsp;<strong>2019<\/strong><\/h5>\n","protected":false},"featured_media":6410,"template":"","meta":{"ngg_post_thumbnail":0},"product_brand":[],"product_cat":[323],"product_tag":[],"class_list":{"0":"post-6409","1":"product","2":"type-product","3":"status-publish","4":"has-post-thumbnail","6":"product_cat-tomasz-westrych","8":"first","9":"instock","10":"taxable","11":"shipping-taxable","12":"purchasable","13":"product-type-simple"},"_links":{"self":[{"href":"https:\/\/www.galeriawprzyziemiu.pl\/galeria\/wp-json\/wp\/v2\/product\/6409","targetHints":{"allow":["GET"]}}],"collection":[{"href":"https:\/\/www.galeriawprzyziemiu.pl\/galeria\/wp-json\/wp\/v2\/product"}],"about":[{"href":"https:\/\/www.galeriawprzyziemiu.pl\/galeria\/wp-json\/wp\/v2\/types\/product"}],"wp:featuredmedia":[{"embeddable":true,"href":"https:\/\/www.galeriawprzyziemiu.pl\/galeria\/wp-json\/wp\/v2\/media\/6410"}],"wp:attachment":[{"href":"https:\/\/www.galeriawprzyziemiu.pl\/galeria\/wp-json\/wp\/v2\/media?parent=6409"}],"wp:term":[{"taxonomy":"product_brand","embeddable":true,"href":"https:\/\/www.galeriawprzyziemiu.pl\/galeria\/wp-json\/wp\/v2\/product_brand?post=6409"},{"taxonomy":"product_cat","embeddable":true,"href":"https:\/\/www.galeriawprzyziemiu.pl\/galeria\/wp-json\/wp\/v2\/product_cat?post=6409"},{"taxonomy":"product_tag","embeddable":true,"href":"https:\/\/www.galeriawprzyziemiu.pl\/galeria\/wp-json\/wp\/v2\/product_tag?post=6409"}],"curies":[{"name":"wp","href":"https:\/\/api.w.org\/{rel}","templated":true}]}}