{"id":4485,"date":"2022-08-18T16:07:25","date_gmt":"2022-08-18T14:07:25","guid":{"rendered":"https:\/\/www.galeriawprzyziemiu.pl\/galeria\/?post_type=product&#038;p=4485"},"modified":"2022-10-19T15:55:26","modified_gmt":"2022-10-19T13:55:26","slug":"ewa-rogala-szczerosc","status":"publish","type":"product","link":"https:\/\/www.galeriawprzyziemiu.pl\/galeria\/artwork\/ewa-rogala-szczerosc\/","title":{"rendered":"Ewa Rogala 'Szczero\u015b\u0107&#8217;"},"content":{"rendered":"<p data-wp-editing=\"1\"><img fetchpriority=\"high\" decoding=\"async\" class=\"alignnone wp-image-4486 size-medium\" src=\"https:\/\/www.galeriawprzyziemiu.pl\/galeria\/wp-content\/uploads\/2022\/08\/Ewa-Rogala-Szczerosc-akryl-na-papierze-50x40-2022-238x300.jpg\" alt=\"\" width=\"238\" height=\"300\" srcset=\"https:\/\/www.galeriawprzyziemiu.pl\/galeria\/wp-content\/uploads\/2022\/08\/Ewa-Rogala-Szczerosc-akryl-na-papierze-50x40-2022-238x300.jpg 238w, https:\/\/www.galeriawprzyziemiu.pl\/galeria\/wp-content\/uploads\/2022\/08\/Ewa-Rogala-Szczerosc-akryl-na-papierze-50x40-2022-416x524.jpg 416w, https:\/\/www.galeriawprzyziemiu.pl\/galeria\/wp-content\/uploads\/2022\/08\/Ewa-Rogala-Szczerosc-akryl-na-papierze-50x40-2022-813x1024.jpg 813w, https:\/\/www.galeriawprzyziemiu.pl\/galeria\/wp-content\/uploads\/2022\/08\/Ewa-Rogala-Szczerosc-akryl-na-papierze-50x40-2022-768x968.jpg 768w, https:\/\/www.galeriawprzyziemiu.pl\/galeria\/wp-content\/uploads\/2022\/08\/Ewa-Rogala-Szczerosc-akryl-na-papierze-50x40-2022-1219x1536.jpg 1219w, https:\/\/www.galeriawprzyziemiu.pl\/galeria\/wp-content\/uploads\/2022\/08\/Ewa-Rogala-Szczerosc-akryl-na-papierze-50x40-2022-1625x2048.jpg 1625w, https:\/\/www.galeriawprzyziemiu.pl\/galeria\/wp-content\/uploads\/2022\/08\/Ewa-Rogala-Szczerosc-akryl-na-papierze-50x40-2022-324x408.jpg 324w, https:\/\/www.galeriawprzyziemiu.pl\/galeria\/wp-content\/uploads\/2022\/08\/Ewa-Rogala-Szczerosc-akryl-na-papierze-50x40-2022-scaled.jpg 2031w\" sizes=\"(max-width: 238px) 100vw, 238px\" \/><\/p>\n","protected":false},"excerpt":{"rendered":"<h1><strong>Ewa Rogala<\/strong><\/h1>\n<hr>\n<h2>tytu\u0142: <em><strong>Szczero\u015b\u0107<\/strong><\/em><\/h2>\n<h5>technika: <strong>akryl na papierze<\/strong><br \/>\nwymiary: <strong>50 x 40 cm<\/strong><br \/>\nrok: <strong>2021<\/strong><\/h5>\n","protected":false},"featured_media":4486,"template":"","meta":{"ngg_post_thumbnail":0},"product_brand":[],"product_cat":[60],"product_tag":[],"class_list":{"0":"post-4485","1":"product","2":"type-product","3":"status-publish","4":"has-post-thumbnail","6":"product_cat-ewa-rogala","8":"first","9":"instock","10":"taxable","11":"shipping-taxable","12":"purchasable","13":"product-type-simple"},"_links":{"self":[{"href":"https:\/\/www.galeriawprzyziemiu.pl\/galeria\/wp-json\/wp\/v2\/product\/4485","targetHints":{"allow":["GET"]}}],"collection":[{"href":"https:\/\/www.galeriawprzyziemiu.pl\/galeria\/wp-json\/wp\/v2\/product"}],"about":[{"href":"https:\/\/www.galeriawprzyziemiu.pl\/galeria\/wp-json\/wp\/v2\/types\/product"}],"wp:featuredmedia":[{"embeddable":true,"href":"https:\/\/www.galeriawprzyziemiu.pl\/galeria\/wp-json\/wp\/v2\/media\/4486"}],"wp:attachment":[{"href":"https:\/\/www.galeriawprzyziemiu.pl\/galeria\/wp-json\/wp\/v2\/media?parent=4485"}],"wp:term":[{"taxonomy":"product_brand","embeddable":true,"href":"https:\/\/www.galeriawprzyziemiu.pl\/galeria\/wp-json\/wp\/v2\/product_brand?post=4485"},{"taxonomy":"product_cat","embeddable":true,"href":"https:\/\/www.galeriawprzyziemiu.pl\/galeria\/wp-json\/wp\/v2\/product_cat?post=4485"},{"taxonomy":"product_tag","embeddable":true,"href":"https:\/\/www.galeriawprzyziemiu.pl\/galeria\/wp-json\/wp\/v2\/product_tag?post=4485"}],"curies":[{"name":"wp","href":"https:\/\/api.w.org\/{rel}","templated":true}]}}