{"id":4335,"date":"2022-08-16T15:37:24","date_gmt":"2022-08-16T13:37:24","guid":{"rendered":"https:\/\/www.galeriawprzyziemiu.pl\/galeria\/?post_type=product&#038;p=4335"},"modified":"2023-10-18T19:41:44","modified_gmt":"2023-10-18T17:41:44","slug":"barbara-cyran-szepty-i-podszepty-iii","status":"publish","type":"product","link":"https:\/\/www.galeriawprzyziemiu.pl\/galeria\/artwork\/barbara-cyran-szepty-i-podszepty-iii\/","title":{"rendered":"Barbara Cyran 'Szepty i Podszepty III&#8217;"},"content":{"rendered":"<p><img fetchpriority=\"high\" decoding=\"async\" class=\"alignnone wp-image-2419 size-medium\" src=\"https:\/\/www.galeriawprzyziemiu.pl\/galeria\/wp-content\/uploads\/2022\/03\/25-Barbara-Cyran-Szepty-i-Podszepty-III-technika-mieszana-plotno-16x-20-x20cm-2021-300x300.jpg\" alt=\"\" width=\"300\" height=\"300\" srcset=\"https:\/\/www.galeriawprzyziemiu.pl\/galeria\/wp-content\/uploads\/2022\/03\/25-Barbara-Cyran-Szepty-i-Podszepty-III-technika-mieszana-plotno-16x-20-x20cm-2021-300x300.jpg 300w, https:\/\/www.galeriawprzyziemiu.pl\/galeria\/wp-content\/uploads\/2022\/03\/25-Barbara-Cyran-Szepty-i-Podszepty-III-technika-mieszana-plotno-16x-20-x20cm-2021-324x324.jpg 324w, https:\/\/www.galeriawprzyziemiu.pl\/galeria\/wp-content\/uploads\/2022\/03\/25-Barbara-Cyran-Szepty-i-Podszepty-III-technika-mieszana-plotno-16x-20-x20cm-2021-100x100.jpg 100w, https:\/\/www.galeriawprzyziemiu.pl\/galeria\/wp-content\/uploads\/2022\/03\/25-Barbara-Cyran-Szepty-i-Podszepty-III-technika-mieszana-plotno-16x-20-x20cm-2021-416x416.jpg 416w, https:\/\/www.galeriawprzyziemiu.pl\/galeria\/wp-content\/uploads\/2022\/03\/25-Barbara-Cyran-Szepty-i-Podszepty-III-technika-mieszana-plotno-16x-20-x20cm-2021-150x150.jpg 150w, https:\/\/www.galeriawprzyziemiu.pl\/galeria\/wp-content\/uploads\/2022\/03\/25-Barbara-Cyran-Szepty-i-Podszepty-III-technika-mieszana-plotno-16x-20-x20cm-2021-768x768.jpg 768w, https:\/\/www.galeriawprzyziemiu.pl\/galeria\/wp-content\/uploads\/2022\/03\/25-Barbara-Cyran-Szepty-i-Podszepty-III-technika-mieszana-plotno-16x-20-x20cm-2021.jpg 1000w\" sizes=\"(max-width: 300px) 100vw, 300px\" \/><\/p>\n","protected":false},"excerpt":{"rendered":"<h1><strong>Barbara Cyran<\/strong><\/h1>\n<hr>\n<h2>tytu\u0142: <strong><em>Szepty i podszepty III <\/em><\/strong><\/h2>\n<h5>technika: <strong>w\u0142asna na p\u0142\u00f3tnie<\/strong><br \/>\nwymiary: <strong>20 x 20 cm<\/strong><br \/>\nrok: <strong>2021<\/strong><\/h5>\n","protected":false},"featured_media":2419,"template":"","meta":{"ngg_post_thumbnail":0},"product_brand":[],"product_cat":[58],"product_tag":[],"class_list":{"0":"post-4335","1":"product","2":"type-product","3":"status-publish","4":"has-post-thumbnail","6":"product_cat-barbara-cyran","8":"first","9":"instock","10":"taxable","11":"shipping-taxable","12":"purchasable","13":"product-type-simple"},"_links":{"self":[{"href":"https:\/\/www.galeriawprzyziemiu.pl\/galeria\/wp-json\/wp\/v2\/product\/4335","targetHints":{"allow":["GET"]}}],"collection":[{"href":"https:\/\/www.galeriawprzyziemiu.pl\/galeria\/wp-json\/wp\/v2\/product"}],"about":[{"href":"https:\/\/www.galeriawprzyziemiu.pl\/galeria\/wp-json\/wp\/v2\/types\/product"}],"wp:featuredmedia":[{"embeddable":true,"href":"https:\/\/www.galeriawprzyziemiu.pl\/galeria\/wp-json\/wp\/v2\/media\/2419"}],"wp:attachment":[{"href":"https:\/\/www.galeriawprzyziemiu.pl\/galeria\/wp-json\/wp\/v2\/media?parent=4335"}],"wp:term":[{"taxonomy":"product_brand","embeddable":true,"href":"https:\/\/www.galeriawprzyziemiu.pl\/galeria\/wp-json\/wp\/v2\/product_brand?post=4335"},{"taxonomy":"product_cat","embeddable":true,"href":"https:\/\/www.galeriawprzyziemiu.pl\/galeria\/wp-json\/wp\/v2\/product_cat?post=4335"},{"taxonomy":"product_tag","embeddable":true,"href":"https:\/\/www.galeriawprzyziemiu.pl\/galeria\/wp-json\/wp\/v2\/product_tag?post=4335"}],"curies":[{"name":"wp","href":"https:\/\/api.w.org\/{rel}","templated":true}]}}