{"id":4304,"date":"2022-08-09T14:04:42","date_gmt":"2022-08-09T12:04:42","guid":{"rendered":"https:\/\/www.galeriawprzyziemiu.pl\/galeria\/?post_type=product&#038;p=4304"},"modified":"2022-10-24T12:36:15","modified_gmt":"2022-10-24T10:36:15","slug":"ewa-rogala-laka","status":"publish","type":"product","link":"https:\/\/www.galeriawprzyziemiu.pl\/galeria\/artwork\/ewa-rogala-laka\/","title":{"rendered":"Ewa Rogala '\u0141\u0105ka&#8217;"},"content":{"rendered":"<p><img fetchpriority=\"high\" decoding=\"async\" class=\"alignnone wp-image-4305 size-full\" src=\"https:\/\/www.galeriawprzyziemiu.pl\/galeria\/wp-content\/uploads\/2022\/08\/Ewa-Rogala-Laka-olej-na-plycie-mdf-40x41-2022-scaled.jpg\" alt=\"\" width=\"2560\" height=\"2493\" srcset=\"https:\/\/www.galeriawprzyziemiu.pl\/galeria\/wp-content\/uploads\/2022\/08\/Ewa-Rogala-Laka-olej-na-plycie-mdf-40x41-2022-scaled.jpg 2560w, https:\/\/www.galeriawprzyziemiu.pl\/galeria\/wp-content\/uploads\/2022\/08\/Ewa-Rogala-Laka-olej-na-plycie-mdf-40x41-2022-416x405.jpg 416w, https:\/\/www.galeriawprzyziemiu.pl\/galeria\/wp-content\/uploads\/2022\/08\/Ewa-Rogala-Laka-olej-na-plycie-mdf-40x41-2022-300x292.jpg 300w, https:\/\/www.galeriawprzyziemiu.pl\/galeria\/wp-content\/uploads\/2022\/08\/Ewa-Rogala-Laka-olej-na-plycie-mdf-40x41-2022-1024x997.jpg 1024w, https:\/\/www.galeriawprzyziemiu.pl\/galeria\/wp-content\/uploads\/2022\/08\/Ewa-Rogala-Laka-olej-na-plycie-mdf-40x41-2022-768x748.jpg 768w, https:\/\/www.galeriawprzyziemiu.pl\/galeria\/wp-content\/uploads\/2022\/08\/Ewa-Rogala-Laka-olej-na-plycie-mdf-40x41-2022-1536x1496.jpg 1536w, https:\/\/www.galeriawprzyziemiu.pl\/galeria\/wp-content\/uploads\/2022\/08\/Ewa-Rogala-Laka-olej-na-plycie-mdf-40x41-2022-2048x1995.jpg 2048w, https:\/\/www.galeriawprzyziemiu.pl\/galeria\/wp-content\/uploads\/2022\/08\/Ewa-Rogala-Laka-olej-na-plycie-mdf-40x41-2022-324x316.jpg 324w\" sizes=\"(max-width: 2560px) 100vw, 2560px\" \/><\/p>\n","protected":false},"excerpt":{"rendered":"<h1><strong>Ewa Rogala<\/strong><\/h1>\n<hr>\n<h2>tytu\u0142:<strong><em>\u0141\u0105ka<\/em><\/strong><\/h2>\n<h5>technika: <strong>olej na p\u0142ycie mdf<\/strong><br \/>\nwymiary: <strong>40 x 41 cm<\/strong><br \/>\nrok: <strong>2022<\/strong><\/h5>\n","protected":false},"featured_media":4305,"template":"","meta":{"ngg_post_thumbnail":0},"product_brand":[],"product_cat":[60],"product_tag":[],"class_list":{"0":"post-4304","1":"product","2":"type-product","3":"status-publish","4":"has-post-thumbnail","6":"product_cat-ewa-rogala","8":"first","9":"instock","10":"taxable","11":"shipping-taxable","12":"purchasable","13":"product-type-simple"},"_links":{"self":[{"href":"https:\/\/www.galeriawprzyziemiu.pl\/galeria\/wp-json\/wp\/v2\/product\/4304","targetHints":{"allow":["GET"]}}],"collection":[{"href":"https:\/\/www.galeriawprzyziemiu.pl\/galeria\/wp-json\/wp\/v2\/product"}],"about":[{"href":"https:\/\/www.galeriawprzyziemiu.pl\/galeria\/wp-json\/wp\/v2\/types\/product"}],"wp:featuredmedia":[{"embeddable":true,"href":"https:\/\/www.galeriawprzyziemiu.pl\/galeria\/wp-json\/wp\/v2\/media\/4305"}],"wp:attachment":[{"href":"https:\/\/www.galeriawprzyziemiu.pl\/galeria\/wp-json\/wp\/v2\/media?parent=4304"}],"wp:term":[{"taxonomy":"product_brand","embeddable":true,"href":"https:\/\/www.galeriawprzyziemiu.pl\/galeria\/wp-json\/wp\/v2\/product_brand?post=4304"},{"taxonomy":"product_cat","embeddable":true,"href":"https:\/\/www.galeriawprzyziemiu.pl\/galeria\/wp-json\/wp\/v2\/product_cat?post=4304"},{"taxonomy":"product_tag","embeddable":true,"href":"https:\/\/www.galeriawprzyziemiu.pl\/galeria\/wp-json\/wp\/v2\/product_tag?post=4304"}],"curies":[{"name":"wp","href":"https:\/\/api.w.org\/{rel}","templated":true}]}}