{"id":4834,"date":"2022-09-09T12:36:04","date_gmt":"2022-09-09T10:36:04","guid":{"rendered":"https:\/\/www.galeriawprzyziemiu.pl\/galeria\/?page_id=4834"},"modified":"2022-10-14T17:54:35","modified_gmt":"2022-10-14T15:54:35","slug":"ewa-rogala","status":"publish","type":"page","link":"https:\/\/www.galeriawprzyziemiu.pl\/galeria\/ewa-rogala\/","title":{"rendered":"Ewa Rogala"},"content":{"rendered":"\t\t<div data-elementor-type=\"wp-page\" data-elementor-id=\"4834\" class=\"elementor elementor-4834\">\n\t\t\t\t\t\t<section class=\"elementor-section elementor-top-section elementor-element elementor-element-3b05d3b4 elementor-section-full_width elementor-section-height-default elementor-section-height-default\" data-id=\"3b05d3b4\" data-element_type=\"section\" data-e-type=\"section\">\n\t\t\t\t\t\t<div class=\"elementor-container elementor-column-gap-default\">\n\t\t\t\t\t<div class=\"elementor-column elementor-col-50 elementor-top-column elementor-element elementor-element-14a0391b\" data-id=\"14a0391b\" data-element_type=\"column\" data-e-type=\"column\" data-settings=\"{&quot;background_background&quot;:&quot;classic&quot;}\">\n\t\t\t<div class=\"elementor-widget-wrap elementor-element-populated\">\n\t\t\t\t\t\t<div class=\"elementor-element elementor-element-2fe94a41 elementor-hidden-tablet elementor-hidden-phone elementor-widget elementor-widget-image\" data-id=\"2fe94a41\" data-element_type=\"widget\" data-e-type=\"widget\" data-widget_type=\"image.default\">\n\t\t\t\t<div class=\"elementor-widget-container\">\n\t\t\t\t\t\t\t\t\t\t\t\t\t\t\t\t<a href=\"https:\/\/www.galeriawprzyziemiu.pl\">\n\t\t\t\t\t\t\t<img fetchpriority=\"high\" decoding=\"async\" width=\"980\" height=\"288\" src=\"https:\/\/www.galeriawprzyziemiu.pl\/galeria\/wp-content\/uploads\/2022\/01\/logo-male-z-kolorem.jpg\" class=\"attachment-large size-large wp-image-282\" alt=\"\" srcset=\"https:\/\/www.galeriawprzyziemiu.pl\/galeria\/wp-content\/uploads\/2022\/01\/logo-male-z-kolorem.jpg 1000w, https:\/\/www.galeriawprzyziemiu.pl\/galeria\/wp-content\/uploads\/2022\/01\/logo-male-z-kolorem-416x122.jpg 416w, https:\/\/www.galeriawprzyziemiu.pl\/galeria\/wp-content\/uploads\/2022\/01\/logo-male-z-kolorem-300x88.jpg 300w, https:\/\/www.galeriawprzyziemiu.pl\/galeria\/wp-content\/uploads\/2022\/01\/logo-male-z-kolorem-768x226.jpg 768w, https:\/\/www.galeriawprzyziemiu.pl\/galeria\/wp-content\/uploads\/2022\/01\/logo-male-z-kolorem-324x95.jpg 324w\" sizes=\"(max-width: 980px) 100vw, 980px\" \/>\t\t\t\t\t\t\t\t<\/a>\n\t\t\t\t\t\t\t\t\t\t\t\t\t\t\t<\/div>\n\t\t\t\t<\/div>\n\t\t\t\t\t<\/div>\n\t\t<\/div>\n\t\t\t\t<div class=\"elementor-column elementor-col-50 elementor-top-column elementor-element elementor-element-702c2413\" data-id=\"702c2413\" data-element_type=\"column\" data-e-type=\"column\">\n\t\t\t<div class=\"elementor-widget-wrap elementor-element-populated\">\n\t\t\t\t\t\t<div class=\"elementor-element elementor-element-2092badb elementor-hidden-desktop elementor-widget elementor-widget-image\" data-id=\"2092badb\" data-element_type=\"widget\" data-e-type=\"widget\" data-widget_type=\"image.default\">\n\t\t\t\t<div class=\"elementor-widget-container\">\n\t\t\t\t\t\t\t\t\t\t\t\t\t\t\t<img fetchpriority=\"high\" decoding=\"async\" width=\"980\" height=\"288\" src=\"https:\/\/www.galeriawprzyziemiu.pl\/galeria\/wp-content\/uploads\/2022\/01\/logo-male-z-kolorem.jpg\" class=\"attachment-large size-large wp-image-282\" alt=\"\" srcset=\"https:\/\/www.galeriawprzyziemiu.pl\/galeria\/wp-content\/uploads\/2022\/01\/logo-male-z-kolorem.jpg 1000w, https:\/\/www.galeriawprzyziemiu.pl\/galeria\/wp-content\/uploads\/2022\/01\/logo-male-z-kolorem-416x122.jpg 416w, https:\/\/www.galeriawprzyziemiu.pl\/galeria\/wp-content\/uploads\/2022\/01\/logo-male-z-kolorem-300x88.jpg 300w, https:\/\/www.galeriawprzyziemiu.pl\/galeria\/wp-content\/uploads\/2022\/01\/logo-male-z-kolorem-768x226.jpg 768w, https:\/\/www.galeriawprzyziemiu.pl\/galeria\/wp-content\/uploads\/2022\/01\/logo-male-z-kolorem-324x95.jpg 324w\" sizes=\"(max-width: 980px) 100vw, 980px\" \/>\t\t\t\t\t\t\t\t\t\t\t\t\t\t\t<\/div>\n\t\t\t\t<\/div>\n\t\t\t\t<section class=\"elementor-section elementor-inner-section elementor-element elementor-element-53551a52 elementor-section-full_width elementor-section-content-middle elementor-section-height-default elementor-section-height-default\" data-id=\"53551a52\" data-element_type=\"section\" data-e-type=\"section\">\n\t\t\t\t\t\t<div class=\"elementor-container elementor-column-gap-default\">\n\t\t\t\t\t<div class=\"elementor-column elementor-col-14 elementor-inner-column elementor-element elementor-element-386534d9\" data-id=\"386534d9\" data-element_type=\"column\" data-e-type=\"column\">\n\t\t\t<div class=\"elementor-widget-wrap elementor-element-populated\">\n\t\t\t\t\t\t<div class=\"elementor-element elementor-element-57c77764 elementor-widget elementor-widget-heading\" data-id=\"57c77764\" data-element_type=\"widget\" data-e-type=\"widget\" data-widget_type=\"heading.default\">\n\t\t\t\t<div class=\"elementor-widget-container\">\n\t\t\t\t\t<p class=\"elementor-heading-title elementor-size-default\"><a href=\"https:\/\/www.galeriawprzyziemiu.pl\/galeria\/\">Home<\/a><\/p>\t\t\t\t<\/div>\n\t\t\t\t<\/div>\n\t\t\t\t\t<\/div>\n\t\t<\/div>\n\t\t\t\t<div class=\"elementor-column elementor-col-14 elementor-inner-column elementor-element elementor-element-7b901e0c\" data-id=\"7b901e0c\" data-element_type=\"column\" data-e-type=\"column\">\n\t\t\t<div class=\"elementor-widget-wrap elementor-element-populated\">\n\t\t\t\t\t\t<div class=\"elementor-element elementor-element-69853640 elementor-widget elementor-widget-heading\" data-id=\"69853640\" data-element_type=\"widget\" data-e-type=\"widget\" data-widget_type=\"heading.default\">\n\t\t\t\t<div class=\"elementor-widget-container\">\n\t\t\t\t\t<p class=\"elementor-heading-title elementor-size-default\"><a href=\"https:\/\/www.galeriawprzyziemiu.pl\/galeria\/aktualnosci\">Aktualno\u015bci<\/a><\/p>\t\t\t\t<\/div>\n\t\t\t\t<\/div>\n\t\t\t\t\t<\/div>\n\t\t<\/div>\n\t\t\t\t<div class=\"elementor-column elementor-col-14 elementor-inner-column elementor-element elementor-element-4b589de9\" data-id=\"4b589de9\" data-element_type=\"column\" data-e-type=\"column\">\n\t\t\t<div class=\"elementor-widget-wrap elementor-element-populated\">\n\t\t\t\t\t\t<div class=\"elementor-element elementor-element-58143c30 elementor-widget elementor-widget-heading\" data-id=\"58143c30\" data-element_type=\"widget\" data-e-type=\"widget\" data-widget_type=\"heading.default\">\n\t\t\t\t<div class=\"elementor-widget-container\">\n\t\t\t\t\t<p class=\"elementor-heading-title elementor-size-default\"><a href=\"https:\/\/www.galeriawprzyziemiu.pl\/galeria\/artysci\">Arty\u015bci<\/a><\/p>\t\t\t\t<\/div>\n\t\t\t\t<\/div>\n\t\t\t\t\t<\/div>\n\t\t<\/div>\n\t\t\t\t<div class=\"elementor-column elementor-col-14 elementor-inner-column elementor-element elementor-element-11683e95\" data-id=\"11683e95\" data-element_type=\"column\" data-e-type=\"column\">\n\t\t\t<div class=\"elementor-widget-wrap elementor-element-populated\">\n\t\t\t\t\t\t<div class=\"elementor-element elementor-element-51d66620 elementor-widget elementor-widget-heading\" data-id=\"51d66620\" data-element_type=\"widget\" data-e-type=\"widget\" data-widget_type=\"heading.default\">\n\t\t\t\t<div class=\"elementor-widget-container\">\n\t\t\t\t\t<p class=\"elementor-heading-title elementor-size-default\"><a href=\"https:\/\/www.galeriawprzyziemiu.pl\/galeria\/sklep\/\">Oferta<\/a><\/p>\t\t\t\t<\/div>\n\t\t\t\t<\/div>\n\t\t\t\t\t<\/div>\n\t\t<\/div>\n\t\t\t\t<div class=\"elementor-column elementor-col-14 elementor-inner-column elementor-element elementor-element-2ca5db14\" data-id=\"2ca5db14\" data-element_type=\"column\" data-e-type=\"column\">\n\t\t\t<div class=\"elementor-widget-wrap elementor-element-populated\">\n\t\t\t\t\t\t<div class=\"elementor-element elementor-element-5bbca943 elementor-widget elementor-widget-heading\" data-id=\"5bbca943\" data-element_type=\"widget\" data-e-type=\"widget\" data-widget_type=\"heading.default\">\n\t\t\t\t<div class=\"elementor-widget-container\">\n\t\t\t\t\t<p class=\"elementor-heading-title elementor-size-default\"><a href=\"https:\/\/www.galeriawprzyziemiu.pl\/galeria\/o-nas\">O nas <\/a><\/p>\t\t\t\t<\/div>\n\t\t\t\t<\/div>\n\t\t\t\t\t<\/div>\n\t\t<\/div>\n\t\t\t\t<div class=\"elementor-column elementor-col-14 elementor-inner-column elementor-element elementor-element-570a8671\" data-id=\"570a8671\" data-element_type=\"column\" data-e-type=\"column\">\n\t\t\t<div class=\"elementor-widget-wrap elementor-element-populated\">\n\t\t\t\t\t\t<div class=\"elementor-element elementor-element-5cc9be28 elementor-widget elementor-widget-heading\" data-id=\"5cc9be28\" data-element_type=\"widget\" data-e-type=\"widget\" data-widget_type=\"heading.default\">\n\t\t\t\t<div class=\"elementor-widget-container\">\n\t\t\t\t\t<p class=\"elementor-heading-title elementor-size-default\"><a href=\"https:\/\/www.galeriawprzyziemiu.pl\/galeria\/kontakt\">Kontakt<\/a><\/p>\t\t\t\t<\/div>\n\t\t\t\t<\/div>\n\t\t\t\t\t<\/div>\n\t\t<\/div>\n\t\t\t\t<div class=\"elementor-column elementor-col-14 elementor-inner-column elementor-element elementor-element-169ba24e\" data-id=\"169ba24e\" data-element_type=\"column\" data-e-type=\"column\">\n\t\t\t<div class=\"elementor-widget-wrap elementor-element-populated\">\n\t\t\t\t\t\t<div class=\"elementor-element elementor-element-365e6872 elementor-widget elementor-widget-heading\" data-id=\"365e6872\" data-element_type=\"widget\" data-e-type=\"widget\" data-widget_type=\"heading.default\">\n\t\t\t\t<div class=\"elementor-widget-container\">\n\t\t\t\t\t<p class=\"elementor-heading-title elementor-size-default\">En<\/p>\t\t\t\t<\/div>\n\t\t\t\t<\/div>\n\t\t\t\t\t<\/div>\n\t\t<\/div>\n\t\t\t\t\t<\/div>\n\t\t<\/section>\n\t\t\t\t\t<\/div>\n\t\t<\/div>\n\t\t\t\t\t<\/div>\n\t\t<\/section>\n\t\t\t\t<section class=\"elementor-section elementor-top-section elementor-element elementor-element-6889ad15 elementor-section-boxed elementor-section-height-default elementor-section-height-default\" data-id=\"6889ad15\" data-element_type=\"section\" data-e-type=\"section\">\n\t\t\t\t\t\t<div class=\"elementor-container elementor-column-gap-default\">\n\t\t\t\t\t<div class=\"elementor-column elementor-col-100 elementor-top-column elementor-element elementor-element-517b63c1\" data-id=\"517b63c1\" data-element_type=\"column\" data-e-type=\"column\">\n\t\t\t<div class=\"elementor-widget-wrap elementor-element-populated\">\n\t\t\t\t\t\t<div class=\"elementor-element elementor-element-533a4eb elementor-widget elementor-widget-heading\" data-id=\"533a4eb\" data-element_type=\"widget\" data-e-type=\"widget\" data-widget_type=\"heading.default\">\n\t\t\t\t<div class=\"elementor-widget-container\">\n\t\t\t\t\t<h2 class=\"elementor-heading-title elementor-size-large\">Ewa Rogala<\/h2>\t\t\t\t<\/div>\n\t\t\t\t<\/div>\n\t\t\t\t\t<\/div>\n\t\t<\/div>\n\t\t\t\t\t<\/div>\n\t\t<\/section>\n\t\t\t\t<section class=\"elementor-section elementor-top-section elementor-element elementor-element-7fd00ea2 elementor-section-boxed elementor-section-height-default elementor-section-height-default\" data-id=\"7fd00ea2\" data-element_type=\"section\" data-e-type=\"section\">\n\t\t\t\t\t\t<div class=\"elementor-container elementor-column-gap-default\">\n\t\t\t\t\t<div class=\"elementor-column elementor-col-50 elementor-top-column elementor-element elementor-element-e802d5f\" data-id=\"e802d5f\" data-element_type=\"column\" data-e-type=\"column\">\n\t\t\t<div class=\"elementor-widget-wrap elementor-element-populated\">\n\t\t\t\t\t\t<div class=\"elementor-element elementor-element-32a422c4 elementor-widget elementor-widget-image\" data-id=\"32a422c4\" data-element_type=\"widget\" data-e-type=\"widget\" data-widget_type=\"image.default\">\n\t\t\t\t<div class=\"elementor-widget-container\">\n\t\t\t\t\t\t\t\t\t\t\t\t\t\t\t<img decoding=\"async\" width=\"980\" height=\"980\" src=\"https:\/\/www.galeriawprzyziemiu.pl\/galeria\/wp-content\/uploads\/2022\/08\/Ewa-Rogala-1-1024x1024.jpg\" class=\"attachment-large size-large wp-image-4645\" alt=\"\" srcset=\"https:\/\/www.galeriawprzyziemiu.pl\/galeria\/wp-content\/uploads\/2022\/08\/Ewa-Rogala-1-1024x1024.jpg 1024w, https:\/\/www.galeriawprzyziemiu.pl\/galeria\/wp-content\/uploads\/2022\/08\/Ewa-Rogala-1-324x324.jpg 324w, https:\/\/www.galeriawprzyziemiu.pl\/galeria\/wp-content\/uploads\/2022\/08\/Ewa-Rogala-1-100x100.jpg 100w, https:\/\/www.galeriawprzyziemiu.pl\/galeria\/wp-content\/uploads\/2022\/08\/Ewa-Rogala-1-416x416.jpg 416w, https:\/\/www.galeriawprzyziemiu.pl\/galeria\/wp-content\/uploads\/2022\/08\/Ewa-Rogala-1-300x300.jpg 300w, https:\/\/www.galeriawprzyziemiu.pl\/galeria\/wp-content\/uploads\/2022\/08\/Ewa-Rogala-1-150x150.jpg 150w, https:\/\/www.galeriawprzyziemiu.pl\/galeria\/wp-content\/uploads\/2022\/08\/Ewa-Rogala-1-768x768.jpg 768w, https:\/\/www.galeriawprzyziemiu.pl\/galeria\/wp-content\/uploads\/2022\/08\/Ewa-Rogala-1-1536x1536.jpg 1536w, https:\/\/www.galeriawprzyziemiu.pl\/galeria\/wp-content\/uploads\/2022\/08\/Ewa-Rogala-1.jpg 1835w\" sizes=\"(max-width: 980px) 100vw, 980px\" \/>\t\t\t\t\t\t\t\t\t\t\t\t\t\t\t<\/div>\n\t\t\t\t<\/div>\n\t\t\t\t\t<\/div>\n\t\t<\/div>\n\t\t\t\t<div class=\"elementor-column elementor-col-50 elementor-top-column elementor-element elementor-element-480d4f4\" data-id=\"480d4f4\" data-element_type=\"column\" data-e-type=\"column\">\n\t\t\t<div class=\"elementor-widget-wrap elementor-element-populated\">\n\t\t\t\t\t\t<div class=\"elementor-element elementor-element-1ae8b235 elementor-widget elementor-widget-text-editor\" data-id=\"1ae8b235\" data-element_type=\"widget\" data-e-type=\"widget\" data-widget_type=\"text-editor.default\">\n\t\t\t\t<div class=\"elementor-widget-container\">\n\t\t\t\t\t\t\t\t\t<p>Urodzi\u0142a si\u0119 1973 roku w Rykach (wojew\u00f3dztwo lubelskie), a od ponad dwudziestu lat mieszka w Niderlandach.\u2029<\/p><p>Malarstwo towarzyszy\u0142o jej od dzieci\u0144stwa. Jako c\u00f3rka nauczyciela plastyki bardzo wcze\u015bnie obcowa\u0142a ze sztuk\u0105 i poznawa\u0142a dzie\u0142a wielkich artyst\u00f3w, kt\u00f3re ukszta\u0142towa\u0142y jej artystyczn\u0105 wra\u017cliwo\u015b\u0107. Pierwsze prace Ewy Rogali powstawa\u0142y w wieku m\u0142odzie\u0144czym, jednak pasja do malarstwa\u00a0 pojawi\u0142a si\u0119 w wieku dojrza\u0142ym. Portret sta\u0142 si\u0119 g\u0142\u00f3wnym motywem jej tw\u00f3rczo\u015bci, p\u00f3\u017aniej pojawi\u0142 si\u0119 r\u00f3wnie\u017c pejza\u017c. Charakterystyczn\u0105 cech\u0105 prac Artystki jest emocjonalno\u015b\u0107, tworzy bardzo impulsywnie i spontanicznie pr\u00f3buj\u0105c zatrzyma\u0107 chwile.<\/p><p>\u00a0<\/p><p>Wystawy w galerii: <a href=\"https:\/\/www.galeriawprzyziemiu.pl\/galeria\/jest-taka-moc-zobaczyc-i-inna-moc-zatrzymac\/\">&#8217;Jest taka moc &#8211; zobaczy\u0107 i inna moc &#8211; zatrzyma\u0107&#8230;&#8217;<\/a><\/p>\t\t\t\t\t\t\t\t<\/div>\n\t\t\t\t<\/div>\n\t\t\t\t\t<\/div>\n\t\t<\/div>\n\t\t\t\t\t<\/div>\n\t\t<\/section>\n\t\t\t\t<section class=\"elementor-section elementor-top-section elementor-element elementor-element-330b819e elementor-section-boxed elementor-section-height-default elementor-section-height-default\" data-id=\"330b819e\" data-element_type=\"section\" data-e-type=\"section\">\n\t\t\t\t\t\t<div class=\"elementor-container elementor-column-gap-default\">\n\t\t\t\t\t<div class=\"elementor-column elementor-col-100 elementor-top-column elementor-element elementor-element-728b1d0e\" data-id=\"728b1d0e\" data-element_type=\"column\" data-e-type=\"column\">\n\t\t\t<div class=\"elementor-widget-wrap elementor-element-populated\">\n\t\t\t\t\t\t<div class=\"elementor-element elementor-element-7bbdc08c elementor-widget elementor-widget-heading\" data-id=\"7bbdc08c\" data-element_type=\"widget\" data-e-type=\"widget\" data-widget_type=\"heading.default\">\n\t\t\t\t<div class=\"elementor-widget-container\">\n\t\t\t\t\t<h2 class=\"elementor-heading-title elementor-size-medium\"><a href=\"https:\/\/www.galeriawprzyziemiu.pl\/galeria\/kategoria-produktu\/ewa-rogala\/\">ZOBACZ PRACE<\/a><\/h2>\t\t\t\t<\/div>\n\t\t\t\t<\/div>\n\t\t\t\t\t<\/div>\n\t\t<\/div>\n\t\t\t\t\t<\/div>\n\t\t<\/section>\n\t\t\t\t<section class=\"elementor-section elementor-top-section elementor-element elementor-element-3ba56f88 elementor-section-full_width elementor-section-height-default elementor-section-height-default\" data-id=\"3ba56f88\" data-element_type=\"section\" data-e-type=\"section\">\n\t\t\t\t\t\t<div class=\"elementor-container elementor-column-gap-default\">\n\t\t\t\t\t<div class=\"elementor-column elementor-col-100 elementor-top-column elementor-element elementor-element-6ddb1908\" data-id=\"6ddb1908\" data-element_type=\"column\" data-e-type=\"column\">\n\t\t\t<div class=\"elementor-widget-wrap elementor-element-populated\">\n\t\t\t\t\t\t<div class=\"elementor-element elementor-element-79ed4cf elementor-widget-divider--view-line elementor-widget elementor-widget-divider\" data-id=\"79ed4cf\" data-element_type=\"widget\" data-e-type=\"widget\" data-widget_type=\"divider.default\">\n\t\t\t\t<div class=\"elementor-widget-container\">\n\t\t\t\t\t\t\t<div class=\"elementor-divider\">\n\t\t\t<span class=\"elementor-divider-separator\">\n\t\t\t\t\t\t<\/span>\n\t\t<\/div>\n\t\t\t\t\t\t<\/div>\n\t\t\t\t<\/div>\n\t\t\t\t\t<\/div>\n\t\t<\/div>\n\t\t\t\t\t<\/div>\n\t\t<\/section>\n\t\t\t\t<section class=\"elementor-section elementor-top-section elementor-element elementor-element-3fa6d0eb elementor-section-boxed elementor-section-height-default elementor-section-height-default\" data-id=\"3fa6d0eb\" data-element_type=\"section\" data-e-type=\"section\">\n\t\t\t\t\t\t<div class=\"elementor-container elementor-column-gap-default\">\n\t\t\t\t\t<div class=\"elementor-column elementor-col-100 elementor-top-column elementor-element elementor-element-4085df7a\" data-id=\"4085df7a\" data-element_type=\"column\" data-e-type=\"column\">\n\t\t\t<div class=\"elementor-widget-wrap elementor-element-populated\">\n\t\t\t\t\t\t<section class=\"elementor-section elementor-inner-section elementor-element elementor-element-78be219e elementor-section-full_width elementor-section-content-middle elementor-section-height-default elementor-section-height-default\" data-id=\"78be219e\" data-element_type=\"section\" data-e-type=\"section\">\n\t\t\t\t\t\t<div class=\"elementor-container elementor-column-gap-default\">\n\t\t\t\t\t<div class=\"elementor-column elementor-col-25 elementor-inner-column elementor-element elementor-element-402299ec\" data-id=\"402299ec\" data-element_type=\"column\" data-e-type=\"column\">\n\t\t\t<div class=\"elementor-widget-wrap elementor-element-populated\">\n\t\t\t\t\t\t<div class=\"elementor-element elementor-element-4b2c3691 elementor-widget elementor-widget-heading\" data-id=\"4b2c3691\" data-element_type=\"widget\" data-e-type=\"widget\" data-widget_type=\"heading.default\">\n\t\t\t\t<div class=\"elementor-widget-container\">\n\t\t\t\t\t<p class=\"elementor-heading-title elementor-size-default\">Galeria Sztuki <br>\"W Przyziemiu\"<\/p>\t\t\t\t<\/div>\n\t\t\t\t<\/div>\n\t\t\t\t\t<\/div>\n\t\t<\/div>\n\t\t\t\t<div class=\"elementor-column elementor-col-25 elementor-inner-column elementor-element elementor-element-6ea1918\" data-id=\"6ea1918\" data-element_type=\"column\" data-e-type=\"column\">\n\t\t\t<div class=\"elementor-widget-wrap elementor-element-populated\">\n\t\t\t\t\t\t<div class=\"elementor-element elementor-element-295c58eb elementor-widget elementor-widget-heading\" data-id=\"295c58eb\" data-element_type=\"widget\" data-e-type=\"widget\" data-widget_type=\"heading.default\">\n\t\t\t\t<div class=\"elementor-widget-container\">\n\t\t\t\t\t<p class=\"elementor-heading-title elementor-size-default\">ul. Starowi\u015blna 36<br>\n31-032 Krak\u00f3w<\/p>\t\t\t\t<\/div>\n\t\t\t\t<\/div>\n\t\t\t\t\t<\/div>\n\t\t<\/div>\n\t\t\t\t<div class=\"elementor-column elementor-col-25 elementor-inner-column elementor-element elementor-element-5335fcef\" data-id=\"5335fcef\" data-element_type=\"column\" data-e-type=\"column\">\n\t\t\t<div class=\"elementor-widget-wrap elementor-element-populated\">\n\t\t\t\t\t\t<div class=\"elementor-element elementor-element-62fa03b4 elementor-widget elementor-widget-heading\" data-id=\"62fa03b4\" data-element_type=\"widget\" data-e-type=\"widget\" data-widget_type=\"heading.default\">\n\t\t\t\t<div class=\"elementor-widget-container\">\n\t\t\t\t\t<p class=\"elementor-heading-title elementor-size-default\"><a href=\"info@galeriawprzyziemiu.pl\">info@galeriawprzyziemiu.pl<\/a>\n <br>\n+ 48 690 303 602 <\/p>\t\t\t\t<\/div>\n\t\t\t\t<\/div>\n\t\t\t\t\t<\/div>\n\t\t<\/div>\n\t\t\t\t<div class=\"elementor-column elementor-col-25 elementor-inner-column elementor-element elementor-element-3fd589b3\" data-id=\"3fd589b3\" data-element_type=\"column\" data-e-type=\"column\">\n\t\t\t<div class=\"elementor-widget-wrap elementor-element-populated\">\n\t\t\t\t\t\t<div class=\"elementor-element elementor-element-1f64b88f elementor-shape-rounded elementor-grid-0 e-grid-align-center elementor-widget elementor-widget-social-icons\" data-id=\"1f64b88f\" data-element_type=\"widget\" data-e-type=\"widget\" data-widget_type=\"social-icons.default\">\n\t\t\t\t<div class=\"elementor-widget-container\">\n\t\t\t\t\t\t\t<div class=\"elementor-social-icons-wrapper elementor-grid\" role=\"list\">\n\t\t\t\t\t\t\t<span class=\"elementor-grid-item\" role=\"listitem\">\n\t\t\t\t\t<a class=\"elementor-icon elementor-social-icon elementor-social-icon-facebook elementor-repeater-item-ba6309a\" href=\"https:\/\/www.facebook.com\/Galeria-Sztuki-W-Przyziemiu-101454325706578\" target=\"_blank\">\n\t\t\t\t\t\t<span class=\"elementor-screen-only\">Facebook<\/span>\n\t\t\t\t\t\t<i aria-hidden=\"true\" class=\"fab fa-facebook\"><\/i>\t\t\t\t\t<\/a>\n\t\t\t\t<\/span>\n\t\t\t\t\t\t\t<span class=\"elementor-grid-item\" role=\"listitem\">\n\t\t\t\t\t<a class=\"elementor-icon elementor-social-icon elementor-social-icon-instagram elementor-repeater-item-33f860c\" href=\"https:\/\/www.instagram.com\/wprzyziemiu\/\" target=\"_blank\">\n\t\t\t\t\t\t<span class=\"elementor-screen-only\">Instagram<\/span>\n\t\t\t\t\t\t<i aria-hidden=\"true\" class=\"fab fa-instagram\"><\/i>\t\t\t\t\t<\/a>\n\t\t\t\t<\/span>\n\t\t\t\t\t<\/div>\n\t\t\t\t\t\t<\/div>\n\t\t\t\t<\/div>\n\t\t\t\t\t<\/div>\n\t\t<\/div>\n\t\t\t\t\t<\/div>\n\t\t<\/section>\n\t\t\t\t\t<\/div>\n\t\t<\/div>\n\t\t\t\t\t<\/div>\n\t\t<\/section>\n\t\t\t\t<section class=\"elementor-section elementor-top-section elementor-element elementor-element-660e83da elementor-section-full_width elementor-section-height-default elementor-section-height-default\" data-id=\"660e83da\" data-element_type=\"section\" data-e-type=\"section\" data-settings=\"{&quot;background_background&quot;:&quot;classic&quot;}\">\n\t\t\t\t\t\t<div class=\"elementor-container elementor-column-gap-default\">\n\t\t\t\t\t<div class=\"elementor-column elementor-col-50 elementor-top-column elementor-element elementor-element-787631db\" data-id=\"787631db\" data-element_type=\"column\" data-e-type=\"column\" data-settings=\"{&quot;background_background&quot;:&quot;classic&quot;}\">\n\t\t\t<div class=\"elementor-widget-wrap elementor-element-populated\">\n\t\t\t\t\t\t<div class=\"elementor-element elementor-element-785c8da5 elementor-widget elementor-widget-text-editor\" data-id=\"785c8da5\" data-element_type=\"widget\" data-e-type=\"widget\" data-widget_type=\"text-editor.default\">\n\t\t\t\t<div class=\"elementor-widget-container\">\n\t\t\t\t\t\t\t\t\t<p>Copyright \u00a9 2021 Galeria Sztuki 'W Przyziemiu&#8217;. All rights reserved<\/p>\t\t\t\t\t\t\t\t<\/div>\n\t\t\t\t<\/div>\n\t\t\t\t\t<\/div>\n\t\t<\/div>\n\t\t\t\t<div class=\"elementor-column elementor-col-50 elementor-top-column elementor-element elementor-element-712f37f0\" data-id=\"712f37f0\" data-element_type=\"column\" data-e-type=\"column\">\n\t\t\t<div class=\"elementor-widget-wrap elementor-element-populated\">\n\t\t\t\t\t\t<div class=\"elementor-element elementor-element-54b710e5 elementor-widget elementor-widget-text-editor\" data-id=\"54b710e5\" data-element_type=\"widget\" data-e-type=\"widget\" data-widget_type=\"text-editor.default\">\n\t\t\t\t<div class=\"elementor-widget-container\">\n\t\t\t\t\t\t\t\t\t<p><a style=\"color: white;\" href=\"https:\/\/www.galeriawprzyziemiu.pl\/galeria\/polityka-prywatnosci\">Polityka prywatno\u015bci<\/a><\/p>\t\t\t\t\t\t\t\t<\/div>\n\t\t\t\t<\/div>\n\t\t\t\t\t<\/div>\n\t\t<\/div>\n\t\t\t\t\t<\/div>\n\t\t<\/section>\n\t\t\t\t<\/div>\n\t\t","protected":false},"excerpt":{"rendered":"<p>Home Aktualno\u015bci Arty\u015bci Oferta O nas Kontakt En Ewa Rogala Urodzi\u0142a si\u0119 1973 roku w Rykach (wojew\u00f3dztwo lubelskie), a od ponad dwudziestu lat mieszka w Niderlandach.\u2029 Malarstwo towarzyszy\u0142o jej od dzieci\u0144stwa. Jako c\u00f3rka nauczyciela plastyki bardzo wcze\u015bnie obcowa\u0142a ze sztuk\u0105 i poznawa\u0142a dzie\u0142a wielkich artyst\u00f3w, kt\u00f3re ukszta\u0142towa\u0142y jej artystyczn\u0105 wra\u017cliwo\u015b\u0107. Pierwsze prace Ewy Rogali powstawa\u0142y [&hellip;]<\/p>\n","protected":false},"author":3,"featured_media":0,"parent":0,"menu_order":0,"comment_status":"closed","ping_status":"closed","template":"elementor_canvas","meta":{"ngg_post_thumbnail":0,"footnotes":""},"class_list":["post-4834","page","type-page","status-publish","hentry"],"_links":{"self":[{"href":"https:\/\/www.galeriawprzyziemiu.pl\/galeria\/wp-json\/wp\/v2\/pages\/4834","targetHints":{"allow":["GET"]}}],"collection":[{"href":"https:\/\/www.galeriawprzyziemiu.pl\/galeria\/wp-json\/wp\/v2\/pages"}],"about":[{"href":"https:\/\/www.galeriawprzyziemiu.pl\/galeria\/wp-json\/wp\/v2\/types\/page"}],"author":[{"embeddable":true,"href":"https:\/\/www.galeriawprzyziemiu.pl\/galeria\/wp-json\/wp\/v2\/users\/3"}],"replies":[{"embeddable":true,"href":"https:\/\/www.galeriawprzyziemiu.pl\/galeria\/wp-json\/wp\/v2\/comments?post=4834"}],"version-history":[{"count":10,"href":"https:\/\/www.galeriawprzyziemiu.pl\/galeria\/wp-json\/wp\/v2\/pages\/4834\/revisions"}],"predecessor-version":[{"id":5484,"href":"https:\/\/www.galeriawprzyziemiu.pl\/galeria\/wp-json\/wp\/v2\/pages\/4834\/revisions\/5484"}],"wp:attachment":[{"href":"https:\/\/www.galeriawprzyziemiu.pl\/galeria\/wp-json\/wp\/v2\/media?parent=4834"}],"curies":[{"name":"wp","href":"https:\/\/api.w.org\/{rel}","templated":true}]}}