{"id":467,"date":"2022-02-07T18:05:58","date_gmt":"2022-02-07T17:05:58","guid":{"rendered":"https:\/\/www.galeriawprzyziemiu.pl\/galeria\/?page_id=467"},"modified":"2022-08-23T17:30:11","modified_gmt":"2022-08-23T15:30:11","slug":"barbara-cyran","status":"publish","type":"page","link":"https:\/\/www.galeriawprzyziemiu.pl\/galeria\/barbara-cyran\/","title":{"rendered":"Barbara Cyran"},"content":{"rendered":"\t\t<div data-elementor-type=\"wp-page\" data-elementor-id=\"467\" class=\"elementor elementor-467\">\n\t\t\t\t\t\t<section class=\"elementor-section elementor-top-section elementor-element elementor-element-2f5b05ff elementor-section-full_width elementor-section-height-default elementor-section-height-default\" data-id=\"2f5b05ff\" data-element_type=\"section\" data-e-type=\"section\">\n\t\t\t\t\t\t<div class=\"elementor-container elementor-column-gap-default\">\n\t\t\t\t\t<div class=\"elementor-column elementor-col-50 elementor-top-column elementor-element elementor-element-78d2158e\" data-id=\"78d2158e\" data-element_type=\"column\" data-e-type=\"column\" data-settings=\"{&quot;background_background&quot;:&quot;classic&quot;}\">\n\t\t\t<div class=\"elementor-widget-wrap elementor-element-populated\">\n\t\t\t\t\t\t<div class=\"elementor-element elementor-element-f3e173e elementor-hidden-tablet elementor-hidden-phone elementor-widget elementor-widget-image\" data-id=\"f3e173e\" data-element_type=\"widget\" data-e-type=\"widget\" data-widget_type=\"image.default\">\n\t\t\t\t<div class=\"elementor-widget-container\">\n\t\t\t\t\t\t\t\t\t\t\t\t\t\t\t\t<a href=\"https:\/\/www.galeriawprzyziemiu.pl\">\n\t\t\t\t\t\t\t<img fetchpriority=\"high\" decoding=\"async\" width=\"980\" height=\"288\" src=\"https:\/\/www.galeriawprzyziemiu.pl\/galeria\/wp-content\/uploads\/2022\/01\/logo-male-z-kolorem.jpg\" class=\"attachment-large size-large wp-image-282\" alt=\"\" srcset=\"https:\/\/www.galeriawprzyziemiu.pl\/galeria\/wp-content\/uploads\/2022\/01\/logo-male-z-kolorem.jpg 1000w, https:\/\/www.galeriawprzyziemiu.pl\/galeria\/wp-content\/uploads\/2022\/01\/logo-male-z-kolorem-416x122.jpg 416w, https:\/\/www.galeriawprzyziemiu.pl\/galeria\/wp-content\/uploads\/2022\/01\/logo-male-z-kolorem-300x88.jpg 300w, https:\/\/www.galeriawprzyziemiu.pl\/galeria\/wp-content\/uploads\/2022\/01\/logo-male-z-kolorem-768x226.jpg 768w, https:\/\/www.galeriawprzyziemiu.pl\/galeria\/wp-content\/uploads\/2022\/01\/logo-male-z-kolorem-324x95.jpg 324w\" sizes=\"(max-width: 980px) 100vw, 980px\" \/>\t\t\t\t\t\t\t\t<\/a>\n\t\t\t\t\t\t\t\t\t\t\t\t\t\t\t<\/div>\n\t\t\t\t<\/div>\n\t\t\t\t\t<\/div>\n\t\t<\/div>\n\t\t\t\t<div class=\"elementor-column elementor-col-50 elementor-top-column elementor-element elementor-element-24353746\" data-id=\"24353746\" data-element_type=\"column\" data-e-type=\"column\">\n\t\t\t<div class=\"elementor-widget-wrap elementor-element-populated\">\n\t\t\t\t\t\t<div class=\"elementor-element elementor-element-7d3b8577 elementor-hidden-desktop elementor-widget elementor-widget-image\" data-id=\"7d3b8577\" data-element_type=\"widget\" data-e-type=\"widget\" data-widget_type=\"image.default\">\n\t\t\t\t<div class=\"elementor-widget-container\">\n\t\t\t\t\t\t\t\t\t\t\t\t\t\t\t<img fetchpriority=\"high\" decoding=\"async\" width=\"980\" height=\"288\" src=\"https:\/\/www.galeriawprzyziemiu.pl\/galeria\/wp-content\/uploads\/2022\/01\/logo-male-z-kolorem.jpg\" class=\"attachment-large size-large wp-image-282\" alt=\"\" srcset=\"https:\/\/www.galeriawprzyziemiu.pl\/galeria\/wp-content\/uploads\/2022\/01\/logo-male-z-kolorem.jpg 1000w, https:\/\/www.galeriawprzyziemiu.pl\/galeria\/wp-content\/uploads\/2022\/01\/logo-male-z-kolorem-416x122.jpg 416w, https:\/\/www.galeriawprzyziemiu.pl\/galeria\/wp-content\/uploads\/2022\/01\/logo-male-z-kolorem-300x88.jpg 300w, https:\/\/www.galeriawprzyziemiu.pl\/galeria\/wp-content\/uploads\/2022\/01\/logo-male-z-kolorem-768x226.jpg 768w, https:\/\/www.galeriawprzyziemiu.pl\/galeria\/wp-content\/uploads\/2022\/01\/logo-male-z-kolorem-324x95.jpg 324w\" sizes=\"(max-width: 980px) 100vw, 980px\" \/>\t\t\t\t\t\t\t\t\t\t\t\t\t\t\t<\/div>\n\t\t\t\t<\/div>\n\t\t\t\t<section class=\"elementor-section elementor-inner-section elementor-element elementor-element-1f4a3c61 elementor-section-full_width elementor-section-content-middle elementor-section-height-default elementor-section-height-default\" data-id=\"1f4a3c61\" data-element_type=\"section\" data-e-type=\"section\">\n\t\t\t\t\t\t<div class=\"elementor-container elementor-column-gap-default\">\n\t\t\t\t\t<div class=\"elementor-column elementor-col-14 elementor-inner-column elementor-element elementor-element-7f82e987\" data-id=\"7f82e987\" data-element_type=\"column\" data-e-type=\"column\">\n\t\t\t<div class=\"elementor-widget-wrap elementor-element-populated\">\n\t\t\t\t\t\t<div class=\"elementor-element elementor-element-27ad7e30 elementor-widget elementor-widget-heading\" data-id=\"27ad7e30\" data-element_type=\"widget\" data-e-type=\"widget\" data-widget_type=\"heading.default\">\n\t\t\t\t<div class=\"elementor-widget-container\">\n\t\t\t\t\t<p class=\"elementor-heading-title elementor-size-default\"><a href=\"https:\/\/www.galeriawprzyziemiu.pl\/galeria\/\">Home<\/a><\/p>\t\t\t\t<\/div>\n\t\t\t\t<\/div>\n\t\t\t\t\t<\/div>\n\t\t<\/div>\n\t\t\t\t<div class=\"elementor-column elementor-col-14 elementor-inner-column elementor-element elementor-element-481d142a\" data-id=\"481d142a\" data-element_type=\"column\" data-e-type=\"column\">\n\t\t\t<div class=\"elementor-widget-wrap elementor-element-populated\">\n\t\t\t\t\t\t<div class=\"elementor-element elementor-element-59483ba9 elementor-widget elementor-widget-heading\" data-id=\"59483ba9\" data-element_type=\"widget\" data-e-type=\"widget\" data-widget_type=\"heading.default\">\n\t\t\t\t<div class=\"elementor-widget-container\">\n\t\t\t\t\t<p class=\"elementor-heading-title elementor-size-default\"><a href=\"https:\/\/www.galeriawprzyziemiu.pl\/galeria\/aktualnosci\">Aktualno\u015bci<\/a><\/p>\t\t\t\t<\/div>\n\t\t\t\t<\/div>\n\t\t\t\t\t<\/div>\n\t\t<\/div>\n\t\t\t\t<div class=\"elementor-column elementor-col-14 elementor-inner-column elementor-element elementor-element-73205ed1\" data-id=\"73205ed1\" data-element_type=\"column\" data-e-type=\"column\">\n\t\t\t<div class=\"elementor-widget-wrap elementor-element-populated\">\n\t\t\t\t\t\t<div class=\"elementor-element elementor-element-79c81af8 elementor-widget elementor-widget-heading\" data-id=\"79c81af8\" data-element_type=\"widget\" data-e-type=\"widget\" data-widget_type=\"heading.default\">\n\t\t\t\t<div class=\"elementor-widget-container\">\n\t\t\t\t\t<p class=\"elementor-heading-title elementor-size-default\"><a href=\"https:\/\/www.galeriawprzyziemiu.pl\/galeria\/artysci\">Arty\u015bci<\/a><\/p>\t\t\t\t<\/div>\n\t\t\t\t<\/div>\n\t\t\t\t\t<\/div>\n\t\t<\/div>\n\t\t\t\t<div class=\"elementor-column elementor-col-14 elementor-inner-column elementor-element elementor-element-2e33a793\" data-id=\"2e33a793\" data-element_type=\"column\" data-e-type=\"column\">\n\t\t\t<div class=\"elementor-widget-wrap elementor-element-populated\">\n\t\t\t\t\t\t<div class=\"elementor-element elementor-element-19f993d0 elementor-widget elementor-widget-heading\" data-id=\"19f993d0\" data-element_type=\"widget\" data-e-type=\"widget\" data-widget_type=\"heading.default\">\n\t\t\t\t<div class=\"elementor-widget-container\">\n\t\t\t\t\t<p class=\"elementor-heading-title elementor-size-default\"><a href=\"https:\/\/www.galeriawprzyziemiu.pl\/galeria\/sklep\/\">Oferta<\/a><\/p>\t\t\t\t<\/div>\n\t\t\t\t<\/div>\n\t\t\t\t\t<\/div>\n\t\t<\/div>\n\t\t\t\t<div class=\"elementor-column elementor-col-14 elementor-inner-column elementor-element elementor-element-357d5e82\" data-id=\"357d5e82\" data-element_type=\"column\" data-e-type=\"column\">\n\t\t\t<div class=\"elementor-widget-wrap elementor-element-populated\">\n\t\t\t\t\t\t<div class=\"elementor-element elementor-element-7993e197 elementor-widget elementor-widget-heading\" data-id=\"7993e197\" data-element_type=\"widget\" data-e-type=\"widget\" data-widget_type=\"heading.default\">\n\t\t\t\t<div class=\"elementor-widget-container\">\n\t\t\t\t\t<p class=\"elementor-heading-title elementor-size-default\"><a href=\"https:\/\/www.galeriawprzyziemiu.pl\/galeria\/o-nas\">O nas <\/a><\/p>\t\t\t\t<\/div>\n\t\t\t\t<\/div>\n\t\t\t\t\t<\/div>\n\t\t<\/div>\n\t\t\t\t<div class=\"elementor-column elementor-col-14 elementor-inner-column elementor-element elementor-element-73e38b13\" data-id=\"73e38b13\" data-element_type=\"column\" data-e-type=\"column\">\n\t\t\t<div class=\"elementor-widget-wrap elementor-element-populated\">\n\t\t\t\t\t\t<div class=\"elementor-element elementor-element-6fc4bcad elementor-widget elementor-widget-heading\" data-id=\"6fc4bcad\" data-element_type=\"widget\" data-e-type=\"widget\" data-widget_type=\"heading.default\">\n\t\t\t\t<div class=\"elementor-widget-container\">\n\t\t\t\t\t<p class=\"elementor-heading-title elementor-size-default\"><a href=\"https:\/\/www.galeriawprzyziemiu.pl\/galeria\/kontakt\">Kontakt<\/a><\/p>\t\t\t\t<\/div>\n\t\t\t\t<\/div>\n\t\t\t\t\t<\/div>\n\t\t<\/div>\n\t\t\t\t<div class=\"elementor-column elementor-col-14 elementor-inner-column elementor-element elementor-element-199d8107\" data-id=\"199d8107\" data-element_type=\"column\" data-e-type=\"column\">\n\t\t\t<div class=\"elementor-widget-wrap elementor-element-populated\">\n\t\t\t\t\t\t<div class=\"elementor-element elementor-element-74395900 elementor-widget elementor-widget-heading\" data-id=\"74395900\" data-element_type=\"widget\" data-e-type=\"widget\" data-widget_type=\"heading.default\">\n\t\t\t\t<div class=\"elementor-widget-container\">\n\t\t\t\t\t<p class=\"elementor-heading-title elementor-size-default\"><a href=\"https:\/\/www.galeriawprzyziemiu.pl\/galeria\/en\/barbara-cyran-en\/\">En<\/a><\/p>\t\t\t\t<\/div>\n\t\t\t\t<\/div>\n\t\t\t\t\t<\/div>\n\t\t<\/div>\n\t\t\t\t\t<\/div>\n\t\t<\/section>\n\t\t\t\t\t<\/div>\n\t\t<\/div>\n\t\t\t\t\t<\/div>\n\t\t<\/section>\n\t\t\t\t<section class=\"elementor-section elementor-top-section elementor-element elementor-element-c098a3b elementor-section-boxed elementor-section-height-default elementor-section-height-default\" data-id=\"c098a3b\" data-element_type=\"section\" data-e-type=\"section\">\n\t\t\t\t\t\t<div class=\"elementor-container elementor-column-gap-default\">\n\t\t\t\t\t<div class=\"elementor-column elementor-col-100 elementor-top-column elementor-element elementor-element-f10d65c\" data-id=\"f10d65c\" data-element_type=\"column\" data-e-type=\"column\">\n\t\t\t<div class=\"elementor-widget-wrap elementor-element-populated\">\n\t\t\t\t\t\t<div class=\"elementor-element elementor-element-e1691e6 elementor-widget elementor-widget-heading\" data-id=\"e1691e6\" data-element_type=\"widget\" data-e-type=\"widget\" data-widget_type=\"heading.default\">\n\t\t\t\t<div class=\"elementor-widget-container\">\n\t\t\t\t\t<h2 class=\"elementor-heading-title elementor-size-default\">Barbara Cyran<\/h2>\t\t\t\t<\/div>\n\t\t\t\t<\/div>\n\t\t\t\t\t<\/div>\n\t\t<\/div>\n\t\t\t\t\t<\/div>\n\t\t<\/section>\n\t\t\t\t<section class=\"elementor-section elementor-top-section elementor-element elementor-element-4c09fa7 elementor-section-boxed elementor-section-height-default elementor-section-height-default\" data-id=\"4c09fa7\" data-element_type=\"section\" data-e-type=\"section\">\n\t\t\t\t\t\t<div class=\"elementor-container elementor-column-gap-default\">\n\t\t\t\t\t<div class=\"elementor-column elementor-col-50 elementor-top-column elementor-element elementor-element-9fc7e45\" data-id=\"9fc7e45\" data-element_type=\"column\" data-e-type=\"column\">\n\t\t\t<div class=\"elementor-widget-wrap elementor-element-populated\">\n\t\t\t\t\t\t<div class=\"elementor-element elementor-element-c7c08ae elementor-widget elementor-widget-image\" data-id=\"c7c08ae\" data-element_type=\"widget\" data-e-type=\"widget\" data-widget_type=\"image.default\">\n\t\t\t\t<div class=\"elementor-widget-container\">\n\t\t\t\t\t\t\t\t\t\t\t\t\t\t\t<img decoding=\"async\" width=\"800\" height=\"800\" src=\"https:\/\/www.galeriawprzyziemiu.pl\/galeria\/wp-content\/uploads\/2022\/01\/Barbara-Cyran-1.jpg\" class=\"attachment-large size-large wp-image-773\" alt=\"Barbara Cyran\" srcset=\"https:\/\/www.galeriawprzyziemiu.pl\/galeria\/wp-content\/uploads\/2022\/01\/Barbara-Cyran-1.jpg 800w, https:\/\/www.galeriawprzyziemiu.pl\/galeria\/wp-content\/uploads\/2022\/01\/Barbara-Cyran-1-324x324.jpg 324w, https:\/\/www.galeriawprzyziemiu.pl\/galeria\/wp-content\/uploads\/2022\/01\/Barbara-Cyran-1-100x100.jpg 100w, https:\/\/www.galeriawprzyziemiu.pl\/galeria\/wp-content\/uploads\/2022\/01\/Barbara-Cyran-1-416x416.jpg 416w, https:\/\/www.galeriawprzyziemiu.pl\/galeria\/wp-content\/uploads\/2022\/01\/Barbara-Cyran-1-300x300.jpg 300w, https:\/\/www.galeriawprzyziemiu.pl\/galeria\/wp-content\/uploads\/2022\/01\/Barbara-Cyran-1-150x150.jpg 150w, https:\/\/www.galeriawprzyziemiu.pl\/galeria\/wp-content\/uploads\/2022\/01\/Barbara-Cyran-1-768x768.jpg 768w\" sizes=\"(max-width: 800px) 100vw, 800px\" \/>\t\t\t\t\t\t\t\t\t\t\t\t\t\t\t<\/div>\n\t\t\t\t<\/div>\n\t\t\t\t\t<\/div>\n\t\t<\/div>\n\t\t\t\t<div class=\"elementor-column elementor-col-50 elementor-top-column elementor-element elementor-element-15acb99\" data-id=\"15acb99\" data-element_type=\"column\" data-e-type=\"column\">\n\t\t\t<div class=\"elementor-widget-wrap elementor-element-populated\">\n\t\t\t\t\t\t<div class=\"elementor-element elementor-element-1703e24 elementor-widget elementor-widget-text-editor\" data-id=\"1703e24\" data-element_type=\"widget\" data-e-type=\"widget\" data-widget_type=\"text-editor.default\">\n\t\t\t\t<div class=\"elementor-widget-container\">\n\t\t\t\t\t\t\t\t\t<p>Urodzi\u0142a si\u0119 w 1990 roku w Jaworznie.<\/p><p>W 2015 roku uko\u0144czy\u0142a studia na kierunku malarstwo na Wydziale Malarstwa i Rze\u017aby Akademii Sztuk Pi\u0119knych im. Eugeniusza Gepperta we Wroc\u0142awiu. <\/p><p>W swoich pracach poszukuje nowych dozna\u0144 strukturalnych poprzez eksperymenty ze stalowym pod\u0142o\u017cem, p\u0142\u00f3tnem czy papierem. Jej prace charakteryzuj\u0105 si\u0119 interesuj\u0105c\u0105 technik\u0105 i sposobem wykonania, brakiem jakiejkolwiek przypadkowo\u015bci i zb\u0119dnych element\u00f3w. Tworzy abstrakcyjne kompozycje, kt\u00f3re sw\u0105 fakturowo\u015bci\u0105 i kolorystyk\u0105 wci\u0105gaj\u0105 i magnetyzuj\u0105.<\/p><p><span class=\"fontstyle0\">Wystawy w galerii: <a href=\"https:\/\/www.galeriawprzyziemiu.pl\/galeria\/polistruktury\/\">POLISTRUKTURY<\/a><\/span><\/p>\t\t\t\t\t\t\t\t<\/div>\n\t\t\t\t<\/div>\n\t\t\t\t\t<\/div>\n\t\t<\/div>\n\t\t\t\t\t<\/div>\n\t\t<\/section>\n\t\t\t\t<section class=\"elementor-section elementor-top-section elementor-element elementor-element-752cd0b elementor-section-boxed elementor-section-height-default elementor-section-height-default\" data-id=\"752cd0b\" data-element_type=\"section\" data-e-type=\"section\">\n\t\t\t\t\t\t<div class=\"elementor-container elementor-column-gap-default\">\n\t\t\t\t\t<div class=\"elementor-column elementor-col-100 elementor-top-column elementor-element elementor-element-1c3ee5b\" data-id=\"1c3ee5b\" data-element_type=\"column\" data-e-type=\"column\">\n\t\t\t<div class=\"elementor-widget-wrap elementor-element-populated\">\n\t\t\t\t\t\t<div class=\"elementor-element elementor-element-f75f73f elementor-widget elementor-widget-heading\" data-id=\"f75f73f\" data-element_type=\"widget\" data-e-type=\"widget\" data-widget_type=\"heading.default\">\n\t\t\t\t<div class=\"elementor-widget-container\">\n\t\t\t\t\t<h2 class=\"elementor-heading-title elementor-size-medium\"><a href=\"https:\/\/www.galeriawprzyziemiu.pl\/galeria\/kategoria-produktu\/barbara-cyran\/\">ZOBACZ PRACE<\/a><\/h2>\t\t\t\t<\/div>\n\t\t\t\t<\/div>\n\t\t\t\t\t<\/div>\n\t\t<\/div>\n\t\t\t\t\t<\/div>\n\t\t<\/section>\n\t\t\t\t<section class=\"elementor-section elementor-top-section elementor-element elementor-element-41a67b08 elementor-section-full_width elementor-section-height-default elementor-section-height-default\" data-id=\"41a67b08\" data-element_type=\"section\" data-e-type=\"section\">\n\t\t\t\t\t\t<div class=\"elementor-container elementor-column-gap-default\">\n\t\t\t\t\t<div class=\"elementor-column elementor-col-100 elementor-top-column elementor-element elementor-element-49e1635b\" data-id=\"49e1635b\" data-element_type=\"column\" data-e-type=\"column\">\n\t\t\t<div class=\"elementor-widget-wrap elementor-element-populated\">\n\t\t\t\t\t\t<div class=\"elementor-element elementor-element-49d0d372 elementor-widget-divider--view-line elementor-widget elementor-widget-divider\" data-id=\"49d0d372\" data-element_type=\"widget\" data-e-type=\"widget\" data-widget_type=\"divider.default\">\n\t\t\t\t<div class=\"elementor-widget-container\">\n\t\t\t\t\t\t\t<div class=\"elementor-divider\">\n\t\t\t<span class=\"elementor-divider-separator\">\n\t\t\t\t\t\t<\/span>\n\t\t<\/div>\n\t\t\t\t\t\t<\/div>\n\t\t\t\t<\/div>\n\t\t\t\t\t<\/div>\n\t\t<\/div>\n\t\t\t\t\t<\/div>\n\t\t<\/section>\n\t\t\t\t<section class=\"elementor-section elementor-top-section elementor-element elementor-element-c964be7 elementor-section-boxed elementor-section-height-default elementor-section-height-default\" data-id=\"c964be7\" data-element_type=\"section\" data-e-type=\"section\">\n\t\t\t\t\t\t<div class=\"elementor-container elementor-column-gap-default\">\n\t\t\t\t\t<div class=\"elementor-column elementor-col-100 elementor-top-column elementor-element elementor-element-6cfcbce9\" data-id=\"6cfcbce9\" data-element_type=\"column\" data-e-type=\"column\">\n\t\t\t<div class=\"elementor-widget-wrap elementor-element-populated\">\n\t\t\t\t\t\t<section class=\"elementor-section elementor-inner-section elementor-element elementor-element-68dc9e0d elementor-section-full_width elementor-section-content-middle elementor-section-height-default elementor-section-height-default\" data-id=\"68dc9e0d\" data-element_type=\"section\" data-e-type=\"section\">\n\t\t\t\t\t\t<div class=\"elementor-container elementor-column-gap-default\">\n\t\t\t\t\t<div class=\"elementor-column elementor-col-25 elementor-inner-column elementor-element elementor-element-1348ed35\" data-id=\"1348ed35\" data-element_type=\"column\" data-e-type=\"column\">\n\t\t\t<div class=\"elementor-widget-wrap elementor-element-populated\">\n\t\t\t\t\t\t<div class=\"elementor-element elementor-element-56054bf7 elementor-widget elementor-widget-heading\" data-id=\"56054bf7\" data-element_type=\"widget\" data-e-type=\"widget\" data-widget_type=\"heading.default\">\n\t\t\t\t<div class=\"elementor-widget-container\">\n\t\t\t\t\t<p class=\"elementor-heading-title elementor-size-default\">Galeria Sztuki <br>\"W Przyziemiu\"<\/p>\t\t\t\t<\/div>\n\t\t\t\t<\/div>\n\t\t\t\t\t<\/div>\n\t\t<\/div>\n\t\t\t\t<div class=\"elementor-column elementor-col-25 elementor-inner-column elementor-element elementor-element-69ccd7d3\" data-id=\"69ccd7d3\" data-element_type=\"column\" data-e-type=\"column\">\n\t\t\t<div class=\"elementor-widget-wrap elementor-element-populated\">\n\t\t\t\t\t\t<div class=\"elementor-element elementor-element-34bf2131 elementor-widget elementor-widget-heading\" data-id=\"34bf2131\" data-element_type=\"widget\" data-e-type=\"widget\" data-widget_type=\"heading.default\">\n\t\t\t\t<div class=\"elementor-widget-container\">\n\t\t\t\t\t<p class=\"elementor-heading-title elementor-size-default\">ul. Starowi\u015blna 36<br>\n31-032 Krak\u00f3w<\/p>\t\t\t\t<\/div>\n\t\t\t\t<\/div>\n\t\t\t\t\t<\/div>\n\t\t<\/div>\n\t\t\t\t<div class=\"elementor-column elementor-col-25 elementor-inner-column elementor-element elementor-element-172ca561\" data-id=\"172ca561\" data-element_type=\"column\" data-e-type=\"column\">\n\t\t\t<div class=\"elementor-widget-wrap elementor-element-populated\">\n\t\t\t\t\t\t<div class=\"elementor-element elementor-element-d070dac elementor-widget elementor-widget-heading\" data-id=\"d070dac\" data-element_type=\"widget\" data-e-type=\"widget\" data-widget_type=\"heading.default\">\n\t\t\t\t<div class=\"elementor-widget-container\">\n\t\t\t\t\t<p class=\"elementor-heading-title elementor-size-default\"><a href=\"info@galeriawprzyziemiu.pl\">info@galeriawprzyziemiu.pl<\/a>\n <br>\n+ 48 690 303 602 <\/p>\t\t\t\t<\/div>\n\t\t\t\t<\/div>\n\t\t\t\t\t<\/div>\n\t\t<\/div>\n\t\t\t\t<div class=\"elementor-column elementor-col-25 elementor-inner-column elementor-element elementor-element-6fd1de99\" data-id=\"6fd1de99\" data-element_type=\"column\" data-e-type=\"column\">\n\t\t\t<div class=\"elementor-widget-wrap elementor-element-populated\">\n\t\t\t\t\t\t<div class=\"elementor-element elementor-element-61bf0a08 elementor-shape-rounded elementor-grid-0 e-grid-align-center elementor-widget elementor-widget-social-icons\" data-id=\"61bf0a08\" data-element_type=\"widget\" data-e-type=\"widget\" data-widget_type=\"social-icons.default\">\n\t\t\t\t<div class=\"elementor-widget-container\">\n\t\t\t\t\t\t\t<div class=\"elementor-social-icons-wrapper elementor-grid\" role=\"list\">\n\t\t\t\t\t\t\t<span class=\"elementor-grid-item\" role=\"listitem\">\n\t\t\t\t\t<a class=\"elementor-icon elementor-social-icon elementor-social-icon-facebook elementor-repeater-item-ba6309a\" href=\"https:\/\/www.facebook.com\/Galeria-Sztuki-W-Przyziemiu-101454325706578\" target=\"_blank\">\n\t\t\t\t\t\t<span class=\"elementor-screen-only\">Facebook<\/span>\n\t\t\t\t\t\t<i aria-hidden=\"true\" class=\"fab fa-facebook\"><\/i>\t\t\t\t\t<\/a>\n\t\t\t\t<\/span>\n\t\t\t\t\t\t\t<span class=\"elementor-grid-item\" role=\"listitem\">\n\t\t\t\t\t<a class=\"elementor-icon elementor-social-icon elementor-social-icon-instagram elementor-repeater-item-33f860c\" href=\"https:\/\/www.instagram.com\/wprzyziemiu\/\" target=\"_blank\">\n\t\t\t\t\t\t<span class=\"elementor-screen-only\">Instagram<\/span>\n\t\t\t\t\t\t<i aria-hidden=\"true\" class=\"fab fa-instagram\"><\/i>\t\t\t\t\t<\/a>\n\t\t\t\t<\/span>\n\t\t\t\t\t<\/div>\n\t\t\t\t\t\t<\/div>\n\t\t\t\t<\/div>\n\t\t\t\t\t<\/div>\n\t\t<\/div>\n\t\t\t\t\t<\/div>\n\t\t<\/section>\n\t\t\t\t\t<\/div>\n\t\t<\/div>\n\t\t\t\t\t<\/div>\n\t\t<\/section>\n\t\t\t\t<section class=\"elementor-section elementor-top-section elementor-element elementor-element-5c6855db elementor-section-full_width elementor-section-height-default elementor-section-height-default\" data-id=\"5c6855db\" data-element_type=\"section\" data-e-type=\"section\" data-settings=\"{&quot;background_background&quot;:&quot;classic&quot;}\">\n\t\t\t\t\t\t<div class=\"elementor-container elementor-column-gap-default\">\n\t\t\t\t\t<div class=\"elementor-column elementor-col-50 elementor-top-column elementor-element elementor-element-d1c912\" data-id=\"d1c912\" data-element_type=\"column\" data-e-type=\"column\" data-settings=\"{&quot;background_background&quot;:&quot;classic&quot;}\">\n\t\t\t<div class=\"elementor-widget-wrap elementor-element-populated\">\n\t\t\t\t\t\t<div class=\"elementor-element elementor-element-7e050d elementor-widget elementor-widget-text-editor\" data-id=\"7e050d\" data-element_type=\"widget\" data-e-type=\"widget\" data-widget_type=\"text-editor.default\">\n\t\t\t\t<div class=\"elementor-widget-container\">\n\t\t\t\t\t\t\t\t\t<p>Copyright \u00a9 2021 Galeria Sztuki 'W Przyziemiu&#8217;. All rights reserved<\/p>\t\t\t\t\t\t\t\t<\/div>\n\t\t\t\t<\/div>\n\t\t\t\t\t<\/div>\n\t\t<\/div>\n\t\t\t\t<div class=\"elementor-column elementor-col-50 elementor-top-column elementor-element elementor-element-608536be\" data-id=\"608536be\" data-element_type=\"column\" data-e-type=\"column\">\n\t\t\t<div class=\"elementor-widget-wrap elementor-element-populated\">\n\t\t\t\t\t\t<div class=\"elementor-element elementor-element-ff49338 elementor-widget elementor-widget-text-editor\" data-id=\"ff49338\" data-element_type=\"widget\" data-e-type=\"widget\" data-widget_type=\"text-editor.default\">\n\t\t\t\t<div class=\"elementor-widget-container\">\n\t\t\t\t\t\t\t\t\t<p><a style=\"color: white;\" href=\"https:\/\/www.galeriawprzyziemiu.pl\/galeria\/polityka-prywatnosci\">Polityka prywatno\u015bci<\/a><\/p>\t\t\t\t\t\t\t\t<\/div>\n\t\t\t\t<\/div>\n\t\t\t\t\t<\/div>\n\t\t<\/div>\n\t\t\t\t\t<\/div>\n\t\t<\/section>\n\t\t\t\t<\/div>\n\t\t","protected":false},"excerpt":{"rendered":"<p>Home Aktualno\u015bci Arty\u015bci Oferta O nas Kontakt En Barbara Cyran Urodzi\u0142a si\u0119 w 1990 roku w Jaworznie. W 2015 roku uko\u0144czy\u0142a studia na kierunku malarstwo na Wydziale Malarstwa i Rze\u017aby Akademii Sztuk Pi\u0119knych im. Eugeniusza Gepperta we Wroc\u0142awiu. W swoich pracach poszukuje nowych dozna\u0144 strukturalnych poprzez eksperymenty ze stalowym pod\u0142o\u017cem, p\u0142\u00f3tnem czy papierem. Jej prace [&hellip;]<\/p>\n","protected":false},"author":1,"featured_media":0,"parent":0,"menu_order":0,"comment_status":"closed","ping_status":"closed","template":"elementor_canvas","meta":{"ngg_post_thumbnail":0,"footnotes":""},"class_list":["post-467","page","type-page","status-publish","hentry"],"_links":{"self":[{"href":"https:\/\/www.galeriawprzyziemiu.pl\/galeria\/wp-json\/wp\/v2\/pages\/467","targetHints":{"allow":["GET"]}}],"collection":[{"href":"https:\/\/www.galeriawprzyziemiu.pl\/galeria\/wp-json\/wp\/v2\/pages"}],"about":[{"href":"https:\/\/www.galeriawprzyziemiu.pl\/galeria\/wp-json\/wp\/v2\/types\/page"}],"author":[{"embeddable":true,"href":"https:\/\/www.galeriawprzyziemiu.pl\/galeria\/wp-json\/wp\/v2\/users\/1"}],"replies":[{"embeddable":true,"href":"https:\/\/www.galeriawprzyziemiu.pl\/galeria\/wp-json\/wp\/v2\/comments?post=467"}],"version-history":[{"count":112,"href":"https:\/\/www.galeriawprzyziemiu.pl\/galeria\/wp-json\/wp\/v2\/pages\/467\/revisions"}],"predecessor-version":[{"id":4625,"href":"https:\/\/www.galeriawprzyziemiu.pl\/galeria\/wp-json\/wp\/v2\/pages\/467\/revisions\/4625"}],"wp:attachment":[{"href":"https:\/\/www.galeriawprzyziemiu.pl\/galeria\/wp-json\/wp\/v2\/media?parent=467"}],"curies":[{"name":"wp","href":"https:\/\/api.w.org\/{rel}","templated":true}]}}